{"id":2174,"date":"2025-04-22T07:44:59","date_gmt":"2025-04-22T07:44:59","guid":{"rendered":"https:\/\/evermat.se\/evermat2\/?page_id=2174"},"modified":"2025-06-10T18:52:49","modified_gmt":"2025-06-10T18:52:49","slug":"allmanna-villkor-for-kop","status":"publish","type":"page","link":"https:\/\/evermat.se\/en\/allmanna-villkor-for-kop\/","title":{"rendered":"Terms and Conditions of Purchase"},"content":{"rendered":"<div class=\"wp-block-uagb-container uagb-block-69721a84 alignfull uagb-is-root-container\"><div class=\"uagb-container-inner-blocks-wrap\">\n<div class=\"wp-block-columns is-layout-flex wp-container-core-columns-is-layout-28f84493 wp-block-columns-is-layout-flex\">\n<div class=\"wp-block-column is-layout-flow wp-block-column-is-layout-flow\" style=\"flex-basis:5%\"><\/div>\n\n\n\n<div class=\"wp-block-column is-layout-flow wp-block-column-is-layout-flow\" style=\"flex-basis:90%\">\n<h1 class=\"wp-block-heading has-text-align-center\">Terms and Conditions of Purchase<\/h1>\n\n\n\n<div class=\"wp-block-group is-nowrap is-layout-flex wp-container-core-group-is-layout-6c531013 wp-block-group-is-layout-flex\">\n<div class=\"wp-block-uagb-info-box uagb-block-e174c4ba uagb-infobox__content-wrap  uagb-infobox-icon-above-title uagb-infobox-image-valign-top\"><div class=\"uagb-ifb-content\"><div class=\"uagb-ifb-title-wrap\"><h3 class=\"uagb-ifb-title\">Company Information<\/h3><\/div><p class=\"uagb-ifb-desc\">This website is operated by Evermat Sweden AB, organization number: 559512-3083.<br>Registered address: Emmagr\u00e4nd 5, 916 31 Bjurholm, Sweden.<br>Email: info@evermat.se<br>Phone: +46 76 790 18 38<br><\/p><\/div><\/div>\n<\/div>\n\n\n\n<div class=\"wp-block-group is-nowrap is-layout-flex wp-container-core-group-is-layout-6c531013 wp-block-group-is-layout-flex\">\n<div class=\"wp-block-uagb-info-box uagb-block-589a0cee uagb-infobox__content-wrap  uagb-infobox-icon-above-title uagb-infobox-image-valign-top\"><div class=\"uagb-ifb-content\"><div class=\"uagb-ifb-title-wrap\"><h3 class=\"uagb-ifb-title\">General<\/h3><\/div><p class=\"uagb-ifb-desc\">By shopping on our website, you accept our terms and conditions. We reserve the right to change these terms at any time. It is the customer's responsibility to stay updated.<br><\/p><\/div><\/div>\n<\/div>\n\n\n\n<div class=\"wp-block-group is-nowrap is-layout-flex wp-container-core-group-is-layout-6c531013 wp-block-group-is-layout-flex\">\n<div class=\"wp-block-uagb-info-box uagb-block-57aeebcb uagb-infobox__content-wrap  uagb-infobox-icon-above-title uagb-infobox-image-valign-top\"><div class=\"uagb-ifb-content\"><div class=\"uagb-ifb-title-wrap\"><h3 class=\"uagb-ifb-title\">Ordering<\/h3><\/div><p class=\"uagb-ifb-desc\">When you make a purchase with us, you will receive an order confirmation to the email address you provided.\nIf there is any error in the order confirmation, please contact us immediately via email: <a href=\"mailto:info@evermat.se\">info@evermat.se<\/a><\/p><\/div><\/div>\n<\/div>\n\n\n\n<div class=\"wp-block-group is-nowrap is-layout-flex wp-container-core-group-is-layout-6c531013 wp-block-group-is-layout-flex\">\n<div class=\"wp-block-uagb-info-box uagb-block-8b44ed3b uagb-infobox__content-wrap  uagb-infobox-icon-above-title uagb-infobox-image-valign-top\"><div class=\"uagb-ifb-content\"><div class=\"uagb-ifb-title-wrap\"><h3 class=\"uagb-ifb-title\">Prices<\/h3><\/div><p class=\"uagb-ifb-desc\">All prices are stated in Swedish kronor (SEK) including VAT unless otherwise specified.<\/p><\/div><\/div>\n<\/div>\n\n\n\n<div class=\"wp-block-group is-nowrap is-layout-flex wp-container-core-group-is-layout-6c531013 wp-block-group-is-layout-flex\">\n<div class=\"wp-block-uagb-info-box uagb-block-00ffecd2 uagb-infobox__content-wrap  uagb-infobox-icon-above-title uagb-infobox-image-valign-top\"><div class=\"uagb-ifb-content\"><div class=\"uagb-ifb-title-wrap\"><h3 class=\"uagb-ifb-title\">Payment<\/h3><\/div><p class=\"uagb-ifb-desc\">We use Klarna as our payment provider. You can choose between invoice, installment payment, card, or direct bank payment.<br>Read more about Klarna\u2019s terms and conditions: <a href=\"https:\/\/www.klarna.com\/se\/villkor\/\">https:\/\/www.klarna.com\/se\/villkor\/<\/a><\/p><\/div><\/div>\n<\/div>\n\n\n\n<div class=\"wp-block-group is-nowrap is-layout-flex wp-container-core-group-is-layout-6c531013 wp-block-group-is-layout-flex\">\n<div class=\"wp-block-uagb-info-box uagb-block-33df39e7 uagb-infobox__content-wrap  uagb-infobox-icon-above-title uagb-infobox-image-valign-top\"><div class=\"uagb-ifb-content\"><div class=\"uagb-ifb-title-wrap\"><h3 class=\"uagb-ifb-title\">Delivery<\/h3><\/div><p class=\"uagb-ifb-desc\">We deliver within Sweden. Delivery time is normally 2\u20135 business days.<br>Shipping costs are shown at checkout before payment.<\/p><\/div><\/div>\n<\/div>\n\n\n\n<div class=\"wp-block-group is-nowrap is-layout-flex wp-container-core-group-is-layout-6c531013 wp-block-group-is-layout-flex\">\n<div class=\"wp-block-uagb-info-box uagb-block-20f0b3f1 uagb-infobox__content-wrap  uagb-infobox-icon-above-title uagb-infobox-image-valign-top\"><div class=\"uagb-ifb-content\"><div class=\"uagb-ifb-title-wrap\"><h3 class=\"uagb-ifb-title\">Right of Withdrawal and Returns<\/h3><\/div><p class=\"uagb-ifb-desc\">You have a 14-day right of withdrawal in accordance with the Swedish Distance Contracts Act.<br>The withdrawal period starts on the day you receive the product.<br>To exercise your right of withdrawal, you must notify us clearly via email.<br>As the customer, you are responsible for return shipping. The item must be unused and in its original packaging.<br>Upon approved return, the full amount will be refunded within 14 days.<\/p><\/div><\/div>\n<\/div>\n\n\n\n<div class=\"wp-block-group is-nowrap is-layout-flex wp-container-core-group-is-layout-6c531013 wp-block-group-is-layout-flex\">\n<div class=\"wp-block-uagb-info-box uagb-block-925db351 uagb-infobox__content-wrap  uagb-infobox-icon-above-title uagb-infobox-image-valign-top\"><div class=\"uagb-ifb-content\"><div class=\"uagb-ifb-title-wrap\"><h3 class=\"uagb-ifb-title\">Complaints<\/h3><\/div><p class=\"uagb-ifb-desc\">If you receive a defective or incorrect item, you have the right to make a complaint within 3 years under the Swedish Consumer Sales Act.<br>Contact us via email with a photo and description. We will cover the return shipping cost for approved complaints.<\/p><\/div><\/div>\n<\/div>\n\n\n\n<div class=\"wp-block-group is-nowrap is-layout-flex wp-container-core-group-is-layout-6c531013 wp-block-group-is-layout-flex\">\n<div class=\"wp-block-uagb-info-box uagb-block-ed442cc4 uagb-infobox__content-wrap  uagb-infobox-icon-above-title uagb-infobox-image-valign-top\"><div class=\"uagb-ifb-content\"><div class=\"uagb-ifb-title-wrap\"><h3 class=\"uagb-ifb-title\">Personal Data &amp; GDPR<\/h3><\/div><p class=\"uagb-ifb-desc\">We process personal data in accordance with the GDPR. Your information is only used to manage your order and delivery.<br><a href=\"https:\/\/evermat.se\/en\/?page_id=2436\" data-type=\"page\" data-id=\"2436\"><span style=\"text-decoration: underline;\">Read more in our Privacy Policy.<\/span><\/a><\/p><\/div><\/div>\n<\/div>\n\n\n\n<div class=\"wp-block-group is-nowrap is-layout-flex wp-container-core-group-is-layout-6c531013 wp-block-group-is-layout-flex\">\n<div class=\"wp-block-uagb-info-box uagb-block-7dd41edd uagb-infobox__content-wrap  uagb-infobox-icon-above-title uagb-infobox-image-valign-top\"><div class=\"uagb-ifb-content\"><div class=\"uagb-ifb-title-wrap\"><h3 class=\"uagb-ifb-title\">Disputes<\/h3><\/div><p class=\"uagb-ifb-desc\">Disputes are primarily resolved in agreement with our customer service. In the event of a dispute, we follow the recommendations of the National Board for Consumer Disputes (ARN).<\/p><\/div><\/div>\n<\/div>\n<\/div>\n\n\n\n<div class=\"wp-block-column is-layout-flow wp-block-column-is-layout-flow\" style=\"flex-basis:5%\"><\/div>\n<\/div>\n<\/div><\/div>","protected":false},"excerpt":{"rendered":"<p>Terms and Conditions of Purchase<\/p>","protected":false},"author":1,"featured_media":0,"parent":0,"menu_order":0,"comment_status":"closed","ping_status":"closed","template":"","meta":{"_uag_custom_page_level_css":"","site-sidebar-layout":"default","site-content-layout":"","ast-site-content-layout":"default","site-content-style":"default","site-sidebar-style":"default","ast-global-header-display":"","ast-banner-title-visibility":"","ast-main-header-display":"","ast-hfb-above-header-display":"","ast-hfb-below-header-display":"","ast-hfb-mobile-header-display":"","site-post-title":"disabled","ast-breadcrumbs-content":"","ast-featured-img":"","footer-sml-layout":"","theme-transparent-header-meta":"","adv-header-id-meta":"","stick-header-meta":"","header-above-stick-meta":"","header-main-stick-meta":"","header-below-stick-meta":"","astra-migrate-meta-layouts":"set","ast-page-background-enabled":"default","ast-page-background-meta":{"desktop":{"background-color":"var(--ast-global-color-4)","background-image":"","background-repeat":"repeat","background-position":"center center","background-size":"auto","background-attachment":"scroll","background-type":"","background-media":"","overlay-type":"","overlay-color":"","overlay-opacity":"","overlay-gradient":""},"tablet":{"background-color":"","background-image":"","background-repeat":"repeat","background-position":"center center","background-size":"auto","background-attachment":"scroll","background-type":"","background-media":"","overlay-type":"","overlay-color":"","overlay-opacity":"","overlay-gradient":""},"mobile":{"background-color":"","background-image":"","background-repeat":"repeat","background-position":"center center","background-size":"auto","background-attachment":"scroll","background-type":"","background-media":"","overlay-type":"","overlay-color":"","overlay-opacity":"","overlay-gradient":""}},"ast-content-background-meta":{"desktop":{"background-color":"var(--ast-global-color-5)","background-image":"","background-repeat":"repeat","background-position":"center center","background-size":"auto","background-attachment":"scroll","background-type":"","background-media":"","overlay-type":"","overlay-color":"","overlay-opacity":"","overlay-gradient":""},"tablet":{"background-color":"var(--ast-global-color-5)","background-image":"","background-repeat":"repeat","background-position":"center center","background-size":"auto","background-attachment":"scroll","background-type":"","background-media":"","overlay-type":"","overlay-color":"","overlay-opacity":"","overlay-gradient":""},"mobile":{"background-color":"var(--ast-global-color-5)","background-image":"","background-repeat":"repeat","background-position":"center center","background-size":"auto","background-attachment":"scroll","background-type":"","background-media":"","overlay-type":"","overlay-color":"","overlay-opacity":"","overlay-gradient":""}},"footnotes":""},"class_list":["post-2174","page","type-page","status-publish","hentry"],"uagb_featured_image_src":{"full":false,"thumbnail":false,"medium":false,"medium_large":false,"large":false,"1536x1536":false,"2048x2048":false,"trp-custom-language-flag":false,"woocommerce_thumbnail":false,"woocommerce_single":false,"woocommerce_gallery_thumbnail":false},"uagb_author_info":{"display_name":"Magnus","author_link":"https:\/\/evermat.se\/en\/author\/mrkarstrom\/"},"uagb_comment_info":0,"uagb_excerpt":"Allm\u00e4nna villkor f\u00f6r k\u00f6p","_links":{"self":[{"href":"https:\/\/evermat.se\/en\/wp-json\/wp\/v2\/pages\/2174","targetHints":{"allow":["GET"]}}],"collection":[{"href":"https:\/\/evermat.se\/en\/wp-json\/wp\/v2\/pages"}],"about":[{"href":"https:\/\/evermat.se\/en\/wp-json\/wp\/v2\/types\/page"}],"author":[{"embeddable":true,"href":"https:\/\/evermat.se\/en\/wp-json\/wp\/v2\/users\/1"}],"replies":[{"embeddable":true,"href":"https:\/\/evermat.se\/en\/wp-json\/wp\/v2\/comments?post=2174"}],"version-history":[{"count":11,"href":"https:\/\/evermat.se\/en\/wp-json\/wp\/v2\/pages\/2174\/revisions"}],"predecessor-version":[{"id":2526,"href":"https:\/\/evermat.se\/en\/wp-json\/wp\/v2\/pages\/2174\/revisions\/2526"}],"wp:attachment":[{"href":"https:\/\/evermat.se\/en\/wp-json\/wp\/v2\/media?parent=2174"}],"curies":[{"name":"wp","href":"https:\/\/api.w.org\/{rel}","templated":true}]}}