{"id":1676,"date":"2025-04-16T07:47:41","date_gmt":"2025-04-16T07:47:41","guid":{"rendered":"https:\/\/evermat.se\/evermat2\/?post_type=product&#038;p=1676"},"modified":"2026-04-16T07:40:16","modified_gmt":"2026-04-16T07:40:16","slug":"standard-ollor-2-pack","status":"publish","type":"product","link":"https:\/\/evermat.se\/en\/product\/standard-ollor-2-pack\/","title":{"rendered":"Standard Trays, 2-Pack"},"content":{"rendered":"<p><img loading=\"lazy\" decoding=\"async\" class=\"alignnone size-medium wp-image-2204\" src=\"https:\/\/evermat.se\/evermat2\/wp-content\/uploads\/2025\/04\/Evermat__0916webb-300x300.webp\" alt=\"Ollor 2-pack\" width=\"300\" height=\"300\" srcset=\"https:\/\/evermat.se\/wp-content\/uploads\/2025\/04\/Evermat__0916webb-300x300.webp 300w, https:\/\/evermat.se\/wp-content\/uploads\/2025\/04\/Evermat__0916webb-1024x1024.webp 1024w, https:\/\/evermat.se\/wp-content\/uploads\/2025\/04\/Evermat__0916webb-150x150.webp 150w, https:\/\/evermat.se\/wp-content\/uploads\/2025\/04\/Evermat__0916webb-768x768.webp 768w, https:\/\/evermat.se\/wp-content\/uploads\/2025\/04\/Evermat__0916webb-12x12.webp 12w, https:\/\/evermat.se\/wp-content\/uploads\/2025\/04\/Evermat__0916webb-600x600.webp 600w, https:\/\/evermat.se\/wp-content\/uploads\/2025\/04\/Evermat__0916webb-100x100.webp 100w, https:\/\/evermat.se\/wp-content\/uploads\/2025\/04\/Evermat__0916webb.webp 1200w\" sizes=\"auto, (max-width: 300px) 100vw, 300px\" \/><\/p>\n<p>Ollor 2-pack &#8211; <strong>The Standard Tray<\/strong> &#8211; L\u00e4tt kupade<br \/>\n<span style=\"font-size: 16px\">Note: We recommend using a <strong>maximum of 10 trays at a time<\/strong> during drying.<\/span><\/p>","protected":false},"excerpt":{"rendered":"<p>2-Pack Standard Trays<br \/>\n<strong>The Standard Tray<\/strong> has the <strong>curved shape<\/strong>.<br \/>\nIt is generally suitable for drying most types of food.<br \/>\nHowever, when drying round berries, they tend to roll and gather in the center or along the edges, which can slightly increase the drying time.<\/p>\n<p><span style=\"font-size: 16px\">Note: We recommend using a <strong>maximum of 10 trays at a time<\/strong> during drying.<\/span><\/p>","protected":false},"featured_media":2204,"comment_status":"open","ping_status":"closed","template":"","meta":{"_uag_custom_page_level_css":"","site-sidebar-layout":"default","site-content-layout":"","ast-site-content-layout":"default","site-content-style":"default","site-sidebar-style":"default","ast-global-header-display":"","ast-banner-title-visibility":"","ast-main-header-display":"","ast-hfb-above-header-display":"","ast-hfb-below-header-display":"","ast-hfb-mobile-header-display":"","site-post-title":"","ast-breadcrumbs-content":"","ast-featured-img":"","footer-sml-layout":"","theme-transparent-header-meta":"default","adv-header-id-meta":"","stick-header-meta":"","header-above-stick-meta":"","header-main-stick-meta":"","header-below-stick-meta":"","astra-migrate-meta-layouts":"set","ast-page-background-enabled":"default","ast-page-background-meta":{"desktop":{"background-color":"var(--ast-global-color-4)","background-image":"","background-repeat":"repeat","background-position":"center center","background-size":"auto","background-attachment":"scroll","background-type":"","background-media":"","overlay-type":"","overlay-color":"","overlay-opacity":"","overlay-gradient":""},"tablet":{"background-color":"","background-image":"","background-repeat":"repeat","background-position":"center center","background-size":"auto","background-attachment":"scroll","background-type":"","background-media":"","overlay-type":"","overlay-color":"","overlay-opacity":"","overlay-gradient":""},"mobile":{"background-color":"","background-image":"","background-repeat":"repeat","background-position":"center center","background-size":"auto","background-attachment":"scroll","background-type":"","background-media":"","overlay-type":"","overlay-color":"","overlay-opacity":"","overlay-gradient":""}},"ast-content-background-meta":{"desktop":{"background-color":"var(--ast-global-color-5)","background-image":"","background-repeat":"repeat","background-position":"center center","background-size":"auto","background-attachment":"scroll","background-type":"","background-media":"","overlay-type":"","overlay-color":"","overlay-opacity":"","overlay-gradient":""},"tablet":{"background-color":"var(--ast-global-color-5)","background-image":"","background-repeat":"repeat","background-position":"center center","background-size":"auto","background-attachment":"scroll","background-type":"","background-media":"","overlay-type":"","overlay-color":"","overlay-opacity":"","overlay-gradient":""},"mobile":{"background-color":"var(--ast-global-color-5)","background-image":"","background-repeat":"repeat","background-position":"center center","background-size":"auto","background-attachment":"scroll","background-type":"","background-media":"","overlay-type":"","overlay-color":"","overlay-opacity":"","overlay-gradient":""}}},"product_brand":[39],"product_cat":[35],"product_tag":[61],"class_list":{"0":"post-1676","1":"product","2":"type-product","3":"status-publish","4":"has-post-thumbnail","6":"product_brand-evermat-mattork","7":"product_cat-ollor","8":"product_tag-ollor","9":"desktop-align-left","10":"tablet-align-left","11":"mobile-align-left","13":"first","14":"instock","15":"taxable","16":"shipping-taxable","17":"purchasable","18":"product-type-simple"},"uagb_featured_image_src":{"full":["https:\/\/evermat.se\/wp-content\/uploads\/2025\/04\/Evermat__0916webb.webp",1200,1200,false],"thumbnail":["https:\/\/evermat.se\/wp-content\/uploads\/2025\/04\/Evermat__0916webb-150x150.webp",150,150,true],"medium":["https:\/\/evermat.se\/wp-content\/uploads\/2025\/04\/Evermat__0916webb-300x300.webp",300,300,true],"medium_large":["https:\/\/evermat.se\/wp-content\/uploads\/2025\/04\/Evermat__0916webb-768x768.webp",768,768,true],"large":["https:\/\/evermat.se\/wp-content\/uploads\/2025\/04\/Evermat__0916webb-1024x1024.webp",1024,1024,true],"1536x1536":["https:\/\/evermat.se\/wp-content\/uploads\/2025\/04\/Evermat__0916webb.webp",1200,1200,false],"2048x2048":["https:\/\/evermat.se\/wp-content\/uploads\/2025\/04\/Evermat__0916webb.webp",1200,1200,false],"trp-custom-language-flag":["https:\/\/evermat.se\/wp-content\/uploads\/2025\/04\/Evermat__0916webb-12x12.webp",12,12,true],"woocommerce_thumbnail":["https:\/\/evermat.se\/wp-content\/uploads\/2025\/04\/Evermat__0916webb-300x300.webp",300,300,true],"woocommerce_single":["https:\/\/evermat.se\/wp-content\/uploads\/2025\/04\/Evermat__0916webb-600x600.webp",600,600,true],"woocommerce_gallery_thumbnail":["https:\/\/evermat.se\/wp-content\/uploads\/2025\/04\/Evermat__0916webb-100x100.webp",100,100,true]},"uagb_author_info":{"display_name":"Magnus","author_link":"https:\/\/evermat.se\/en\/author\/"},"uagb_comment_info":0,"uagb_excerpt":"2-pack Standard Ollor. Standard \u00e4r den kupade ollan. Den passar som regel f\u00f6r torkning av det mesta. Men vill man torka runda b\u00e4r s\u00e5 rullar dessa l\u00e4tt ut och samlas vid ollans mitt eller ytterkanter vilket f\u00f6rl\u00e4nger torktiden n\u00e5got. Obs! Vi rekommenderar max 10 ollor samtidigt vid torkning.","_links":{"self":[{"href":"https:\/\/evermat.se\/en\/wp-json\/wp\/v2\/product\/1676","targetHints":{"allow":["GET"]}}],"collection":[{"href":"https:\/\/evermat.se\/en\/wp-json\/wp\/v2\/product"}],"about":[{"href":"https:\/\/evermat.se\/en\/wp-json\/wp\/v2\/types\/product"}],"replies":[{"embeddable":true,"href":"https:\/\/evermat.se\/en\/wp-json\/wp\/v2\/comments?post=1676"}],"wp:featuredmedia":[{"embeddable":true,"href":"https:\/\/evermat.se\/en\/wp-json\/wp\/v2\/media\/2204"}],"wp:attachment":[{"href":"https:\/\/evermat.se\/en\/wp-json\/wp\/v2\/media?parent=1676"}],"wp:term":[{"taxonomy":"product_brand","embeddable":true,"href":"https:\/\/evermat.se\/en\/wp-json\/wp\/v2\/product_brand?post=1676"},{"taxonomy":"product_cat","embeddable":true,"href":"https:\/\/evermat.se\/en\/wp-json\/wp\/v2\/product_cat?post=1676"},{"taxonomy":"product_tag","embeddable":true,"href":"https:\/\/evermat.se\/en\/wp-json\/wp\/v2\/product_tag?post=1676"}],"curies":[{"name":"wp","href":"https:\/\/api.w.org\/{rel}","templated":true}]}}