{"id":2662,"date":"2026-04-16T07:38:32","date_gmt":"2026-04-16T07:38:32","guid":{"rendered":"https:\/\/evermat.se\/?post_type=product&#038;p=2662"},"modified":"2026-04-16T07:38:54","modified_gmt":"2026-04-16T07:38:54","slug":"forhojningsring-2-pack","status":"publish","type":"product","link":"https:\/\/evermat.se\/en\/product\/forhojningsring-2-pack\/","title":{"rendered":"F\u00f6rh\u00f6jningsring, 2-pack"},"content":{"rendered":"<p><img loading=\"lazy\" decoding=\"async\" class=\"alignnone size-medium wp-image-2663\" src=\"https:\/\/evermat.se\/wp-content\/uploads\/2026\/04\/Forhojningsring-300x300.jpg\" alt=\"\" width=\"300\" height=\"300\" srcset=\"https:\/\/evermat.se\/wp-content\/uploads\/2026\/04\/Forhojningsring-300x300.jpg 300w, https:\/\/evermat.se\/wp-content\/uploads\/2026\/04\/Forhojningsring-1024x1024.jpg 1024w, https:\/\/evermat.se\/wp-content\/uploads\/2026\/04\/Forhojningsring-150x150.jpg 150w, https:\/\/evermat.se\/wp-content\/uploads\/2026\/04\/Forhojningsring-768x768.jpg 768w, https:\/\/evermat.se\/wp-content\/uploads\/2026\/04\/Forhojningsring-12x12.jpg 12w, https:\/\/evermat.se\/wp-content\/uploads\/2026\/04\/Forhojningsring-600x600.jpg 600w, https:\/\/evermat.se\/wp-content\/uploads\/2026\/04\/Forhojningsring-100x100.jpg 100w, https:\/\/evermat.se\/wp-content\/uploads\/2026\/04\/Forhojningsring.jpg 1200w\" sizes=\"auto, (max-width: 300px) 100vw, 300px\" \/><\/p>\n<p>F\u00f6rh\u00f6jningsring\/distansringen \u00e4r ett nytt tillbeh\u00f6r f\u00f6r Evermats hush\u00e5llstork. Den h\u00e4r ringen underl\u00e4ttar f\u00f6r dig som vill torka st\u00f6rre volymer\/omf\u00e5ngsrika r\u00e5varor d\u00e4r man beh\u00f6ver extra utrymme mellan varje olla. F\u00f6rh\u00f6jningsringen har samma h\u00f6jd\/m\u00e5tt som v\u00e5ra ollor.<\/p>\n<p>Note: We recommend using a <strong>max 10 ollor\/f\u00f6rh\u00f6jningsringar<\/strong> samtidigt vid torkning.<\/p>","protected":false},"excerpt":{"rendered":"<p>Evermat (F\u00f6rh\u00f6jningsring)<\/p>","protected":false},"featured_media":2663,"comment_status":"open","ping_status":"closed","template":"","meta":{"_uag_custom_page_level_css":"","site-sidebar-layout":"default","site-content-layout":"","ast-site-content-layout":"default","site-content-style":"default","site-sidebar-style":"default","ast-global-header-display":"","ast-banner-title-visibility":"","ast-main-header-display":"","ast-hfb-above-header-display":"","ast-hfb-below-header-display":"","ast-hfb-mobile-header-display":"","site-post-title":"","ast-breadcrumbs-content":"","ast-featured-img":"","footer-sml-layout":"","theme-transparent-header-meta":"default","adv-header-id-meta":"","stick-header-meta":"","header-above-stick-meta":"","header-main-stick-meta":"","header-below-stick-meta":"","astra-migrate-meta-layouts":"set","ast-page-background-enabled":"default","ast-page-background-meta":{"desktop":{"background-color":"var(--ast-global-color-4)","background-image":"","background-repeat":"repeat","background-position":"center center","background-size":"auto","background-attachment":"scroll","background-type":"","background-media":"","overlay-type":"","overlay-color":"","overlay-opacity":"","overlay-gradient":""},"tablet":{"background-color":"","background-image":"","background-repeat":"repeat","background-position":"center center","background-size":"auto","background-attachment":"scroll","background-type":"","background-media":"","overlay-type":"","overlay-color":"","overlay-opacity":"","overlay-gradient":""},"mobile":{"background-color":"","background-image":"","background-repeat":"repeat","background-position":"center center","background-size":"auto","background-attachment":"scroll","background-type":"","background-media":"","overlay-type":"","overlay-color":"","overlay-opacity":"","overlay-gradient":""}},"ast-content-background-meta":{"desktop":{"background-color":"var(--ast-global-color-5)","background-image":"","background-repeat":"repeat","background-position":"center center","background-size":"auto","background-attachment":"scroll","background-type":"","background-media":"","overlay-type":"","overlay-color":"","overlay-opacity":"","overlay-gradient":""},"tablet":{"background-color":"var(--ast-global-color-5)","background-image":"","background-repeat":"repeat","background-position":"center center","background-size":"auto","background-attachment":"scroll","background-type":"","background-media":"","overlay-type":"","overlay-color":"","overlay-opacity":"","overlay-gradient":""},"mobile":{"background-color":"var(--ast-global-color-5)","background-image":"","background-repeat":"repeat","background-position":"center center","background-size":"auto","background-attachment":"scroll","background-type":"","background-media":"","overlay-type":"","overlay-color":"","overlay-opacity":"","overlay-gradient":""}}},"product_brand":[39],"product_cat":[70,30],"product_tag":[71],"class_list":{"0":"post-2662","1":"product","2":"type-product","3":"status-publish","4":"has-post-thumbnail","6":"product_brand-evermat-mattork","7":"product_cat-forhojningsring","8":"product_cat-nytt-hos-oss","9":"product_tag-forhojningsring","10":"desktop-align-left","11":"tablet-align-left","12":"mobile-align-left","14":"first","15":"instock","16":"taxable","17":"shipping-taxable","18":"purchasable","19":"product-type-simple"},"uagb_featured_image_src":{"full":["https:\/\/evermat.se\/wp-content\/uploads\/2026\/04\/Forhojningsring.jpg",1200,1200,false],"thumbnail":["https:\/\/evermat.se\/wp-content\/uploads\/2026\/04\/Forhojningsring-150x150.jpg",150,150,true],"medium":["https:\/\/evermat.se\/wp-content\/uploads\/2026\/04\/Forhojningsring-300x300.jpg",300,300,true],"medium_large":["https:\/\/evermat.se\/wp-content\/uploads\/2026\/04\/Forhojningsring-768x768.jpg",768,768,true],"large":["https:\/\/evermat.se\/wp-content\/uploads\/2026\/04\/Forhojningsring-1024x1024.jpg",1024,1024,true],"1536x1536":["https:\/\/evermat.se\/wp-content\/uploads\/2026\/04\/Forhojningsring.jpg",1200,1200,false],"2048x2048":["https:\/\/evermat.se\/wp-content\/uploads\/2026\/04\/Forhojningsring.jpg",1200,1200,false],"trp-custom-language-flag":["https:\/\/evermat.se\/wp-content\/uploads\/2026\/04\/Forhojningsring-12x12.jpg",12,12,true],"woocommerce_thumbnail":["https:\/\/evermat.se\/wp-content\/uploads\/2026\/04\/Forhojningsring-300x300.jpg",300,300,true],"woocommerce_single":["https:\/\/evermat.se\/wp-content\/uploads\/2026\/04\/Forhojningsring-600x600.jpg",600,600,true],"woocommerce_gallery_thumbnail":["https:\/\/evermat.se\/wp-content\/uploads\/2026\/04\/Forhojningsring-100x100.jpg",100,100,true]},"uagb_author_info":{"display_name":"Lina Edlund","author_link":"https:\/\/evermat.se\/en\/author\/"},"uagb_comment_info":0,"uagb_excerpt":"Evermat (F\u00f6rh\u00f6jningsring)","_links":{"self":[{"href":"https:\/\/evermat.se\/en\/wp-json\/wp\/v2\/product\/2662","targetHints":{"allow":["GET"]}}],"collection":[{"href":"https:\/\/evermat.se\/en\/wp-json\/wp\/v2\/product"}],"about":[{"href":"https:\/\/evermat.se\/en\/wp-json\/wp\/v2\/types\/product"}],"replies":[{"embeddable":true,"href":"https:\/\/evermat.se\/en\/wp-json\/wp\/v2\/comments?post=2662"}],"wp:featuredmedia":[{"embeddable":true,"href":"https:\/\/evermat.se\/en\/wp-json\/wp\/v2\/media\/2663"}],"wp:attachment":[{"href":"https:\/\/evermat.se\/en\/wp-json\/wp\/v2\/media?parent=2662"}],"wp:term":[{"taxonomy":"product_brand","embeddable":true,"href":"https:\/\/evermat.se\/en\/wp-json\/wp\/v2\/product_brand?post=2662"},{"taxonomy":"product_cat","embeddable":true,"href":"https:\/\/evermat.se\/en\/wp-json\/wp\/v2\/product_cat?post=2662"},{"taxonomy":"product_tag","embeddable":true,"href":"https:\/\/evermat.se\/en\/wp-json\/wp\/v2\/product_tag?post=2662"}],"curies":[{"name":"wp","href":"https:\/\/api.w.org\/{rel}","templated":true}]}}