{"id":2664,"date":"2026-04-16T08:14:12","date_gmt":"2026-04-16T08:14:12","guid":{"rendered":"https:\/\/evermat.se\/?post_type=product&#038;p=2664"},"modified":"2026-04-20T08:47:49","modified_gmt":"2026-04-20T08:47:49","slug":"2sortering-plana-ollor-2-pack","status":"publish","type":"product","link":"https:\/\/evermat.se\/en\/product\/2sortering-plana-ollor-2-pack\/","title":{"rendered":"Plana ollor, 2-pack 2:Sortering"},"content":{"rendered":"<p><img loading=\"lazy\" decoding=\"async\" class=\"alignnone size-medium wp-image-2665\" src=\"https:\/\/evermat.se\/wp-content\/uploads\/2026\/04\/2sortering-300x300.jpg\" alt=\"\" width=\"300\" height=\"300\" srcset=\"https:\/\/evermat.se\/wp-content\/uploads\/2026\/04\/2sortering-300x300.jpg 300w, https:\/\/evermat.se\/wp-content\/uploads\/2026\/04\/2sortering-1024x1024.jpg 1024w, https:\/\/evermat.se\/wp-content\/uploads\/2026\/04\/2sortering-150x150.jpg 150w, https:\/\/evermat.se\/wp-content\/uploads\/2026\/04\/2sortering-768x768.jpg 768w, https:\/\/evermat.se\/wp-content\/uploads\/2026\/04\/2sortering-12x12.jpg 12w, https:\/\/evermat.se\/wp-content\/uploads\/2026\/04\/2sortering-600x600.jpg 600w, https:\/\/evermat.se\/wp-content\/uploads\/2026\/04\/2sortering-100x100.jpg 100w, https:\/\/evermat.se\/wp-content\/uploads\/2026\/04\/2sortering.jpg 1200w\" sizes=\"auto, (max-width: 300px) 100vw, 300px\" \/><\/p>\n<p><strong>2:Sortering, plana ollor<\/strong><\/p>\n<p>Ibland blir det tokigt i tillverkningen och vi tycker att det \u00e4r synd att kasta helt nya ollor pga sk\u00f6nhetsfel. 2:sortering inneb\u00e4r att det kan vara ollor med sm\u00e5 till st\u00f6rre t.ex. missf\u00e4rgningar, melerade, prickar i plasten.<\/p>\n<p>Obs! Vi har fortfarande kvar vita ollor i 2:sorteringen s\u00e5 <strong>f\u00e4rgen kan variera mellan vit och gr\u00e5<\/strong>. Bilden \u00e4r bara f\u00f6r uppm\u00e4rksamhet och st\u00e4mmer allts\u00e5 inte med hur dina ollor kommer se ut d\u00e5 alla \u00e4r olika!<\/p>","protected":false},"excerpt":{"rendered":"<p><strong>2:Sortering, plana ollor<\/strong><\/p>","protected":false},"featured_media":2665,"comment_status":"open","ping_status":"closed","template":"","meta":{"_uag_custom_page_level_css":"","site-sidebar-layout":"default","site-content-layout":"","ast-site-content-layout":"default","site-content-style":"default","site-sidebar-style":"default","ast-global-header-display":"","ast-banner-title-visibility":"","ast-main-header-display":"","ast-hfb-above-header-display":"","ast-hfb-below-header-display":"","ast-hfb-mobile-header-display":"","site-post-title":"","ast-breadcrumbs-content":"","ast-featured-img":"","footer-sml-layout":"","theme-transparent-header-meta":"default","adv-header-id-meta":"","stick-header-meta":"","header-above-stick-meta":"","header-main-stick-meta":"","header-below-stick-meta":"","astra-migrate-meta-layouts":"set","ast-page-background-enabled":"default","ast-page-background-meta":{"desktop":{"background-color":"var(--ast-global-color-4)","background-image":"","background-repeat":"repeat","background-position":"center center","background-size":"auto","background-attachment":"scroll","background-type":"","background-media":"","overlay-type":"","overlay-color":"","overlay-opacity":"","overlay-gradient":""},"tablet":{"background-color":"","background-image":"","background-repeat":"repeat","background-position":"center center","background-size":"auto","background-attachment":"scroll","background-type":"","background-media":"","overlay-type":"","overlay-color":"","overlay-opacity":"","overlay-gradient":""},"mobile":{"background-color":"","background-image":"","background-repeat":"repeat","background-position":"center center","background-size":"auto","background-attachment":"scroll","background-type":"","background-media":"","overlay-type":"","overlay-color":"","overlay-opacity":"","overlay-gradient":""}},"ast-content-background-meta":{"desktop":{"background-color":"var(--ast-global-color-5)","background-image":"","background-repeat":"repeat","background-position":"center center","background-size":"auto","background-attachment":"scroll","background-type":"","background-media":"","overlay-type":"","overlay-color":"","overlay-opacity":"","overlay-gradient":""},"tablet":{"background-color":"var(--ast-global-color-5)","background-image":"","background-repeat":"repeat","background-position":"center center","background-size":"auto","background-attachment":"scroll","background-type":"","background-media":"","overlay-type":"","overlay-color":"","overlay-opacity":"","overlay-gradient":""},"mobile":{"background-color":"var(--ast-global-color-5)","background-image":"","background-repeat":"repeat","background-position":"center center","background-size":"auto","background-attachment":"scroll","background-type":"","background-media":"","overlay-type":"","overlay-color":"","overlay-opacity":"","overlay-gradient":""}}},"product_brand":[39],"product_cat":[72,35],"product_tag":[73],"class_list":{"0":"post-2664","1":"product","2":"type-product","3":"status-publish","4":"has-post-thumbnail","6":"product_brand-evermat-mattork","7":"product_cat-2sortering","8":"product_cat-ollor","9":"product_tag-2sortering","10":"desktop-align-left","11":"tablet-align-left","12":"mobile-align-left","14":"first","15":"instock","16":"taxable","17":"shipping-taxable","18":"purchasable","19":"product-type-simple"},"uagb_featured_image_src":{"full":["https:\/\/evermat.se\/wp-content\/uploads\/2026\/04\/2sortering.jpg",1200,1200,false],"thumbnail":["https:\/\/evermat.se\/wp-content\/uploads\/2026\/04\/2sortering-150x150.jpg",150,150,true],"medium":["https:\/\/evermat.se\/wp-content\/uploads\/2026\/04\/2sortering-300x300.jpg",300,300,true],"medium_large":["https:\/\/evermat.se\/wp-content\/uploads\/2026\/04\/2sortering-768x768.jpg",768,768,true],"large":["https:\/\/evermat.se\/wp-content\/uploads\/2026\/04\/2sortering-1024x1024.jpg",1024,1024,true],"1536x1536":["https:\/\/evermat.se\/wp-content\/uploads\/2026\/04\/2sortering.jpg",1200,1200,false],"2048x2048":["https:\/\/evermat.se\/wp-content\/uploads\/2026\/04\/2sortering.jpg",1200,1200,false],"trp-custom-language-flag":["https:\/\/evermat.se\/wp-content\/uploads\/2026\/04\/2sortering-12x12.jpg",12,12,true],"woocommerce_thumbnail":["https:\/\/evermat.se\/wp-content\/uploads\/2026\/04\/2sortering-300x300.jpg",300,300,true],"woocommerce_single":["https:\/\/evermat.se\/wp-content\/uploads\/2026\/04\/2sortering-600x600.jpg",600,600,true],"woocommerce_gallery_thumbnail":["https:\/\/evermat.se\/wp-content\/uploads\/2026\/04\/2sortering-100x100.jpg",100,100,true]},"uagb_author_info":{"display_name":"Lina Edlund","author_link":"https:\/\/evermat.se\/en\/author\/"},"uagb_comment_info":0,"uagb_excerpt":"2:Sortering, plana ollor","_links":{"self":[{"href":"https:\/\/evermat.se\/en\/wp-json\/wp\/v2\/product\/2664","targetHints":{"allow":["GET"]}}],"collection":[{"href":"https:\/\/evermat.se\/en\/wp-json\/wp\/v2\/product"}],"about":[{"href":"https:\/\/evermat.se\/en\/wp-json\/wp\/v2\/types\/product"}],"replies":[{"embeddable":true,"href":"https:\/\/evermat.se\/en\/wp-json\/wp\/v2\/comments?post=2664"}],"wp:featuredmedia":[{"embeddable":true,"href":"https:\/\/evermat.se\/en\/wp-json\/wp\/v2\/media\/2665"}],"wp:attachment":[{"href":"https:\/\/evermat.se\/en\/wp-json\/wp\/v2\/media?parent=2664"}],"wp:term":[{"taxonomy":"product_brand","embeddable":true,"href":"https:\/\/evermat.se\/en\/wp-json\/wp\/v2\/product_brand?post=2664"},{"taxonomy":"product_cat","embeddable":true,"href":"https:\/\/evermat.se\/en\/wp-json\/wp\/v2\/product_cat?post=2664"},{"taxonomy":"product_tag","embeddable":true,"href":"https:\/\/evermat.se\/en\/wp-json\/wp\/v2\/product_tag?post=2664"}],"curies":[{"name":"wp","href":"https:\/\/api.w.org\/{rel}","templated":true}]}}